{"id":10,"date":"2024-09-11T01:10:26","date_gmt":"2024-09-11T01:10:26","guid":{"rendered":"https:\/\/www.capthookfishing.com\/?page_id=10"},"modified":"2024-10-12T18:45:51","modified_gmt":"2024-10-12T18:45:51","slug":"about","status":"publish","type":"page","link":"https:\/\/www.capthookfishing.com\/es\/about\/","title":{"rendered":"Acerca de"},"content":{"rendered":"<div data-elementor-type=\"wp-page\" data-elementor-id=\"10\" class=\"elementor elementor-10\" data-elementor-post-type=\"page\">\n\t\t\t\t<div class=\"elementor-element elementor-element-534547f1 e-flex e-con-boxed e-con e-parent\" data-id=\"534547f1\" data-element_type=\"container\" data-e-type=\"container\" data-settings=\"{&quot;background_background&quot;:&quot;classic&quot;}\">\n\t\t\t\t\t<div class=\"e-con-inner\">\n\t\t<div class=\"elementor-element elementor-element-8b17b21 e-con-full e-flex e-con e-child\" data-id=\"8b17b21\" data-element_type=\"container\" data-e-type=\"container\">\n\t\t\t\t<div class=\"elementor-element elementor-element-7b80cb46 elementor-widget elementor-widget-heading\" data-id=\"7b80cb46\" data-element_type=\"widget\" data-e-type=\"widget\" data-widget_type=\"heading.default\">\n\t\t\t\t<div class=\"elementor-widget-container\">\n\t\t\t\t\t<h2 class=\"elementor-heading-title elementor-size-default\">Acerca de Nosotros<\/h2>\t\t\t\t<\/div>\n\t\t\t\t<\/div>\n\t\t\t\t<\/div>\n\t\t<div class=\"elementor-element elementor-element-8d9086d e-con-full e-flex e-con e-child\" data-id=\"8d9086d\" data-element_type=\"container\" data-e-type=\"container\">\n\t\t<div class=\"elementor-element elementor-element-c3d2450 e-con-full e-flex elementor-invisible e-con e-child\" data-id=\"c3d2450\" data-element_type=\"container\" data-e-type=\"container\" data-settings=\"{&quot;animation&quot;:&quot;slideInLeft&quot;,&quot;animation_delay&quot;:4}\">\n\t\t\t\t<div class=\"elementor-element elementor-element-e04d5fe elementor-widget elementor-widget-image\" data-id=\"e04d5fe\" data-element_type=\"widget\" data-e-type=\"widget\" data-widget_type=\"image.default\">\n\t\t\t\t<div class=\"elementor-widget-container\">\n\t\t\t\t\t\t\t\t\t\t\t\t\t\t\t<img fetchpriority=\"high\" decoding=\"async\" width=\"768\" height=\"1024\" src=\"https:\/\/www.capthookfishing.com\/wp-content\/uploads\/2024\/10\/CH-Boat-768x1024.webp\" class=\"attachment-large size-large wp-image-130\" alt=\"\" srcset=\"https:\/\/www.capthookfishing.com\/wp-content\/uploads\/2024\/10\/CH-Boat-768x1024.webp 768w, https:\/\/www.capthookfishing.com\/wp-content\/uploads\/2024\/10\/CH-Boat-600x800.webp 600w, https:\/\/www.capthookfishing.com\/wp-content\/uploads\/2024\/10\/CH-Boat-225x300.webp 225w, https:\/\/www.capthookfishing.com\/wp-content\/uploads\/2024\/10\/CH-Boat-1152x1536.webp 1152w, https:\/\/www.capthookfishing.com\/wp-content\/uploads\/2024\/10\/CH-Boat.webp 1500w\" sizes=\"(max-width: 768px) 100vw, 768px\" \/>\t\t\t\t\t\t\t\t\t\t\t\t\t\t\t<\/div>\n\t\t\t\t<\/div>\n\t\t\t\t<\/div>\n\t\t<div class=\"elementor-element elementor-element-5dda7970 e-con-full e-flex elementor-invisible e-con e-child\" data-id=\"5dda7970\" data-element_type=\"container\" data-e-type=\"container\" data-settings=\"{&quot;background_background&quot;:&quot;classic&quot;,&quot;animation&quot;:&quot;slideInRight&quot;,&quot;animation_delay&quot;:4}\">\n\t\t<div class=\"elementor-element elementor-element-085b952 e-con-full e-flex e-con e-child\" data-id=\"085b952\" data-element_type=\"container\" data-e-type=\"container\" data-settings=\"{&quot;background_background&quot;:&quot;classic&quot;}\">\n\t\t\t\t<div class=\"elementor-element elementor-element-6ee14a40 elementor-widget elementor-widget-image-box\" data-id=\"6ee14a40\" data-element_type=\"widget\" data-e-type=\"widget\" data-widget_type=\"image-box.default\">\n\t\t\t\t<div class=\"elementor-widget-container\">\n\t\t\t\t\t<div class=\"elementor-image-box-wrapper\"><div class=\"elementor-image-box-content\"><h4 class=\"elementor-image-box-title\">El Legado <\/h4><p class=\"elementor-image-box-description\">Captain Hook comenz\u00f3 su legendario viaje en 1996 cuando el c\u00e9lebre Capit\u00e1n Ron Hamlin trajo esta extraordinaria embarcaci\u00f3n a las ricas aguas de Guatemala. En su viaje inaugural, el Capit\u00e1n Hamlin estableci\u00f3 un asombroso r\u00e9cord al capturar 66 peces vela en un solo d\u00eda, solo el comienzo de innumerables logros extraordinarios.\n<br><br>\n\nEn 1997, el Capit\u00e1n Hamlin revolucion\u00f3 la conservaci\u00f3n de los peces picudos al introducir el uso de anzuelos \"Circle\" en lugar de los tradicionales anzuelos en forma de \"J\", una pr\u00e1ctica que desde entonces ha sido adoptada por flotas en todo el mundo. Esta innovaci\u00f3n no solo protegi\u00f3 la poblaci\u00f3n de peces, sino que tambi\u00e9n permiti\u00f3 que Captain Hook siguiera estableciendo r\u00e9cords destacados, consolidando a\u00fan m\u00e1s su lugar en la historia de la pesca deportiva.\n<br><br>\n\nHoy, m\u00e1s de 25 a\u00f1os despu\u00e9s, Captain Hook Fishing sigue manteniendo esta orgullosa tradici\u00f3n. Nuestro compromiso sigue siendo el mismo: brindar una experiencia de pesca excepcional, mientras preservamos el legado dejado por el Capit\u00e1n Hamlin.\n<\/p><\/div><\/div>\t\t\t\t<\/div>\n\t\t\t\t<\/div>\n\t\t\t\t<\/div>\n\t\t\t\t<\/div>\n\t\t\t\t<\/div>\n\t\t\t\t\t<\/div>\n\t\t\t\t<\/div>\n\t\t<div class=\"elementor-element elementor-element-7ee1029c e-flex e-con-boxed elementor-invisible e-con e-parent\" data-id=\"7ee1029c\" data-element_type=\"container\" data-e-type=\"container\" data-settings=\"{&quot;background_background&quot;:&quot;classic&quot;,&quot;shape_divider_top&quot;:&quot;wave-brush&quot;,&quot;animation&quot;:&quot;slideInUp&quot;,&quot;animation_delay&quot;:10}\">\n\t\t\t\t\t<div class=\"e-con-inner\">\n\t\t\t\t<div class=\"elementor-shape elementor-shape-top\" aria-hidden=\"true\" data-negative=\"false\">\n\t\t\t<svg xmlns=\"http:\/\/www.w3.org\/2000\/svg\" viewbox=\"0 0 283.5 27.8\" preserveaspectratio=\"none\">\n\t<path class=\"elementor-shape-fill\" d=\"M283.5,9.7c0,0-7.3,4.3-14,4.6c-6.8,0.3-12.6,0-20.9-1.5c-11.3-2-33.1-10.1-44.7-5.7\ts-12.1,4.6-18,7.4c-6.6,3.2-20,9.6-36.6,9.3C131.6,23.5,99.5,7.2,86.3,8c-1.4,0.1-6.6,0.8-10.5,2c-3.8,1.2-9.4,3.8-17,4.7\tc-3.2,0.4-8.3,1.1-14.2,0.9c-1.5-0.1-6.3-0.4-12-1.6c-5.7-1.2-11-3.1-15.8-3.7C6.5,9.2,0,10.8,0,10.8V0h283.5V9.7z M260.8,11.3\tc-0.7-1-2-0.4-4.3-0.4c-2.3,0-6.1-1.2-5.8-1.1c0.3,0.1,3.1,1.5,6,1.9C259.7,12.2,261.4,12.3,260.8,11.3z M242.4,8.6\tc0,0-2.4-0.2-5.6-0.9c-3.2-0.8-10.3-2.8-15.1-3.5c-8.2-1.1-15.8,0-15.1,0.1c0.8,0.1,9.6-0.6,17.6,1.1c3.3,0.7,9.3,2.2,12.4,2.7\tC239.9,8.7,242.4,8.6,242.4,8.6z M185.2,8.5c1.7-0.7-13.3,4.7-18.5,6.1c-2.1,0.6-6.2,1.6-10,2c-3.9,0.4-8.9,0.4-8.8,0.5\tc0,0.2,5.8,0.8,11.2,0c5.4-0.8,5.2-1.1,7.6-1.6C170.5,14.7,183.5,9.2,185.2,8.5z M199.1,6.9c0.2,0-0.8-0.4-4.8,1.1\tc-4,1.5-6.7,3.5-6.9,3.7c-0.2,0.1,3.5-1.8,6.6-3C197,7.5,199,6.9,199.1,6.9z M283,6c-0.1,0.1-1.9,1.1-4.8,2.5s-6.9,2.8-6.7,2.7\tc0.2,0,3.5-0.6,7.4-2.5C282.8,6.8,283.1,5.9,283,6z M31.3,11.6c0.1-0.2-1.9-0.2-4.5-1.2s-5.4-1.6-7.8-2C15,7.6,7.3,8.5,7.7,8.6\tC8,8.7,15.9,8.3,20.2,9.3c2.2,0.5,2.4,0.5,5.7,1.6S31.2,11.9,31.3,11.6z M73,9.2c0.4-0.1,3.5-1.6,8.4-2.6c4.9-1.1,8.9-0.5,8.9-0.8\tc0-0.3-1-0.9-6.2-0.3S72.6,9.3,73,9.2z M71.6,6.7C71.8,6.8,75,5.4,77.3,5c2.3-0.3,1.9-0.5,1.9-0.6c0-0.1-1.1-0.2-2.7,0.2\tC74.8,5.1,71.4,6.6,71.6,6.7z M93.6,4.4c0.1,0.2,3.5,0.8,5.6,1.8c2.1,1,1.8,0.6,1.9,0.5c0.1-0.1-0.8-0.8-2.4-1.3\tC97.1,4.8,93.5,4.2,93.6,4.4z M65.4,11.1c-0.1,0.3,0.3,0.5,1.9-0.2s2.6-1.3,2.2-1.2s-0.9,0.4-2.5,0.8C65.3,10.9,65.5,10.8,65.4,11.1\tz M34.5,12.4c-0.2,0,2.1,0.8,3.3,0.9c1.2,0.1,2,0.1,2-0.2c0-0.3-0.1-0.5-1.6-0.4C36.6,12.8,34.7,12.4,34.5,12.4z M152.2,21.1\tc-0.1,0.1-2.4-0.3-7.5-0.3c-5,0-13.6-2.4-17.2-3.5c-3.6-1.1,10,3.9,16.5,4.1C150.5,21.6,152.3,21,152.2,21.1z\"\/>\n\t<path class=\"elementor-shape-fill\" d=\"M269.6,18c-0.1-0.1-4.6,0.3-7.2,0c-7.3-0.7-17-3.2-16.6-2.9c0.4,0.3,13.7,3.1,17,3.3\tC267.7,18.8,269.7,18,269.6,18z\"\/>\n\t<path class=\"elementor-shape-fill\" d=\"M227.4,9.8c-0.2-0.1-4.5-1-9.5-1.2c-5-0.2-12.7,0.6-12.3,0.5c0.3-0.1,5.9-1.8,13.3-1.2\tS227.6,9.9,227.4,9.8z\"\/>\n\t<path class=\"elementor-shape-fill\" d=\"M204.5,13.4c-0.1-0.1,2-1,3.2-1.1c1.2-0.1,2,0,2,0.3c0,0.3-0.1,0.5-1.6,0.4\tC206.4,12.9,204.6,13.5,204.5,13.4z\"\/>\n\t<path class=\"elementor-shape-fill\" d=\"M201,10.6c0-0.1-4.4,1.2-6.3,2.2c-1.9,0.9-6.2,3.1-6.1,3.1c0.1,0.1,4.2-1.6,6.3-2.6\tS201,10.7,201,10.6z\"\/>\n\t<path class=\"elementor-shape-fill\" d=\"M154.5,26.7c-0.1-0.1-4.6,0.3-7.2,0c-7.3-0.7-17-3.2-16.6-2.9c0.4,0.3,13.7,3.1,17,3.3\tC152.6,27.5,154.6,26.8,154.5,26.7z\"\/>\n\t<path class=\"elementor-shape-fill\" d=\"M41.9,19.3c0,0,1.2-0.3,2.9-0.1c1.7,0.2,5.8,0.9,8.2,0.7c4.2-0.4,7.4-2.7,7-2.6\tc-0.4,0-4.3,2.2-8.6,1.9c-1.8-0.1-5.1-0.5-6.7-0.4S41.9,19.3,41.9,19.3z\"\/>\n\t<path class=\"elementor-shape-fill\" d=\"M75.5,12.6c0.2,0.1,2-0.8,4.3-1.1c2.3-0.2,2.1-0.3,2.1-0.5c0-0.1-1.8-0.4-3.4,0\tC76.9,11.5,75.3,12.5,75.5,12.6z\"\/>\n\t<path class=\"elementor-shape-fill\" d=\"M15.6,13.2c0-0.1,4.3,0,6.7,0.5c2.4,0.5,5,1.9,5,2c0,0.1-2.7-0.8-5.1-1.4\tC19.9,13.7,15.7,13.3,15.6,13.2z\"\/>\n<\/svg>\t\t<\/div>\n\t\t\t\t<div class=\"elementor-element elementor-element-fd80291 elementor-widget elementor-widget-heading\" data-id=\"fd80291\" data-element_type=\"widget\" data-e-type=\"widget\" data-widget_type=\"heading.default\">\n\t\t\t\t<div class=\"elementor-widget-container\">\n\t\t\t\t\t<h1 class=\"elementor-heading-title elementor-size-default\">Nuestro Capit\u00e1n<\/h1>\t\t\t\t<\/div>\n\t\t\t\t<\/div>\n\t\t<div class=\"elementor-element elementor-element-56a0fe3c e-con-full e-flex e-con e-child\" data-id=\"56a0fe3c\" data-element_type=\"container\" data-e-type=\"container\">\n\t\t<div class=\"elementor-element elementor-element-684e4bab e-con-full e-flex e-con e-child\" data-id=\"684e4bab\" data-element_type=\"container\" data-e-type=\"container\">\n\t\t\t\t<div class=\"elementor-element elementor-element-e1115bd elementor-widget elementor-widget-image\" data-id=\"e1115bd\" data-element_type=\"widget\" data-e-type=\"widget\" data-widget_type=\"image.default\">\n\t\t\t\t<div class=\"elementor-widget-container\">\n\t\t\t\t\t\t\t\t\t\t\t\t\t\t\t<img decoding=\"async\" width=\"800\" height=\"800\" src=\"https:\/\/www.capthookfishing.com\/wp-content\/uploads\/2024\/10\/Captain-Eddie-Bairez-1024x1024.webp\" class=\"attachment-large size-large wp-image-203\" alt=\"Eddie Bairez portrait\" srcset=\"https:\/\/www.capthookfishing.com\/wp-content\/uploads\/2024\/10\/Captain-Eddie-Bairez-1024x1024.webp 1024w, https:\/\/www.capthookfishing.com\/wp-content\/uploads\/2024\/10\/Captain-Eddie-Bairez-300x300.webp 300w, https:\/\/www.capthookfishing.com\/wp-content\/uploads\/2024\/10\/Captain-Eddie-Bairez-100x100.webp 100w, https:\/\/www.capthookfishing.com\/wp-content\/uploads\/2024\/10\/Captain-Eddie-Bairez-600x600.webp 600w, https:\/\/www.capthookfishing.com\/wp-content\/uploads\/2024\/10\/Captain-Eddie-Bairez-150x150.webp 150w, https:\/\/www.capthookfishing.com\/wp-content\/uploads\/2024\/10\/Captain-Eddie-Bairez-768x768.webp 768w, https:\/\/www.capthookfishing.com\/wp-content\/uploads\/2024\/10\/Captain-Eddie-Bairez.webp 1174w\" sizes=\"(max-width: 800px) 100vw, 800px\" \/>\t\t\t\t\t\t\t\t\t\t\t\t\t\t\t<\/div>\n\t\t\t\t<\/div>\n\t\t\t\t<\/div>\n\t\t<div class=\"elementor-element elementor-element-2655062a e-con-full e-flex e-con e-child\" data-id=\"2655062a\" data-element_type=\"container\" data-e-type=\"container\">\n\t\t\t\t<div class=\"elementor-element elementor-element-3496ea5 elementor-widget elementor-widget-heading\" data-id=\"3496ea5\" data-element_type=\"widget\" data-e-type=\"widget\" data-widget_type=\"heading.default\">\n\t\t\t\t<div class=\"elementor-widget-container\">\n\t\t\t\t\t<h2 class=\"elementor-heading-title elementor-size-default\">Eddie Bairez<\/h2>\t\t\t\t<\/div>\n\t\t\t\t<\/div>\n\t\t\t\t<div class=\"elementor-element elementor-element-7c7a274 elementor-widget elementor-widget-text-editor\" data-id=\"7c7a274\" data-element_type=\"widget\" data-e-type=\"widget\" data-widget_type=\"text-editor.default\">\n\t\t\t\t<div class=\"elementor-widget-container\">\n\t\t\t\t\t\t\t\t\t<p>El viaje del Capit\u00e1n Eddie Bairez con Captain Hook comenz\u00f3 en 1998, cuando inici\u00f3 como marinero bajo la tutela del Capit\u00e1n Hamlin. Su pasi\u00f3n y experiencia crecieron r\u00e1pidamente, y para 2006 ya estaba al mando de su propio barco. Despu\u00e9s de una expedici\u00f3n de cinco a\u00f1os en el Oc\u00e9ano \u00cdndico que comenz\u00f3 en 2017, Eddie regres\u00f3 a Captain Hook, listo para tomar el tim\u00f3n a tiempo completo y guiar la embarcaci\u00f3n hacia una nueva era.<\/p><p>Hoy en d\u00eda, el Capit\u00e1n Eddie no solo dirige la embarcaci\u00f3n, sino que tambi\u00e9n lidera una parte del negocio con dedicaci\u00f3n, asegurando que Captain Hook siga prosperando y ofreciendo experiencias inolvidables.<\/p>\t\t\t\t\t\t\t\t<\/div>\n\t\t\t\t<\/div>\n\t\t\t\t<\/div>\n\t\t\t\t<\/div>\n\t\t\t\t\t<\/div>\n\t\t\t\t<\/div>\n\t\t\t\t<\/div>","protected":false},"excerpt":{"rendered":"<p>About us The Legacy Captain Hook began its storied journey in 1996 when the legendary Captain Ron Hamlin brought this remarkable vessel to the rich waters of Guatemala. On its maiden voyage, Captain Hamlin set an astonishing record with 66 sailfish caught in a single day\u2014just the start of countless extraordinary achievements. In 1997, Captain [&hellip;]<\/p>\n","protected":false},"author":1,"featured_media":0,"parent":0,"menu_order":0,"comment_status":"closed","ping_status":"closed","template":"","meta":{"footnotes":""},"class_list":["post-10","page","type-page","status-publish","hentry"],"yoast_head":"<!-- This site is optimized with the Yoast SEO plugin v27.4 - https:\/\/yoast.com\/product\/yoast-seo-wordpress\/ -->\n<title>About - Captain Hook Fishing<\/title>\n<meta name=\"robots\" content=\"index, follow, max-snippet:-1, max-image-preview:large, max-video-preview:-1\" \/>\n<link rel=\"canonical\" href=\"https:\/\/www.capthookfishing.com\/es\/about\/\" \/>\n<meta property=\"og:locale\" content=\"es_ES\" \/>\n<meta property=\"og:type\" content=\"article\" \/>\n<meta property=\"og:title\" content=\"About - Captain Hook Fishing\" \/>\n<meta property=\"og:description\" content=\"About us The Legacy Captain Hook began its storied journey in 1996 when the legendary Captain Ron Hamlin brought this remarkable vessel to the rich waters of Guatemala. On its maiden voyage, Captain Hamlin set an astonishing record with 66 sailfish caught in a single day\u2014just the start of countless extraordinary achievements. In 1997, Captain [&hellip;]\" \/>\n<meta property=\"og:url\" content=\"https:\/\/www.capthookfishing.com\/es\/about\/\" \/>\n<meta property=\"og:site_name\" content=\"Captain Hook Fishing\" \/>\n<meta property=\"article:modified_time\" content=\"2024-10-12T18:45:51+00:00\" \/>\n<meta property=\"og:image\" content=\"https:\/\/www.capthookfishing.com\/wp-content\/uploads\/2024\/10\/CH-Boat-768x1024.webp\" \/>\n<meta name=\"twitter:card\" content=\"summary_large_image\" \/>\n<meta name=\"twitter:label1\" content=\"Est. reading time\" \/>\n\t<meta name=\"twitter:data1\" content=\"2 minutos\" \/>\n<script type=\"application\/ld+json\" class=\"yoast-schema-graph\">{\"@context\":\"https:\\\/\\\/schema.org\",\"@graph\":[{\"@type\":\"WebPage\",\"@id\":\"https:\\\/\\\/www.capthookfishing.com\\\/about\\\/\",\"url\":\"https:\\\/\\\/www.capthookfishing.com\\\/about\\\/\",\"name\":\"About - Captain Hook Fishing\",\"isPartOf\":{\"@id\":\"https:\\\/\\\/www.capthookfishing.com\\\/#website\"},\"primaryImageOfPage\":{\"@id\":\"https:\\\/\\\/www.capthookfishing.com\\\/about\\\/#primaryimage\"},\"image\":{\"@id\":\"https:\\\/\\\/www.capthookfishing.com\\\/about\\\/#primaryimage\"},\"thumbnailUrl\":\"https:\\\/\\\/www.capthookfishing.com\\\/wp-content\\\/uploads\\\/2024\\\/10\\\/CH-Boat-768x1024.webp\",\"datePublished\":\"2024-09-11T01:10:26+00:00\",\"dateModified\":\"2024-10-12T18:45:51+00:00\",\"breadcrumb\":{\"@id\":\"https:\\\/\\\/www.capthookfishing.com\\\/about\\\/#breadcrumb\"},\"inLanguage\":\"es\",\"potentialAction\":[{\"@type\":\"ReadAction\",\"target\":[\"https:\\\/\\\/www.capthookfishing.com\\\/about\\\/\"]}]},{\"@type\":\"ImageObject\",\"inLanguage\":\"es\",\"@id\":\"https:\\\/\\\/www.capthookfishing.com\\\/about\\\/#primaryimage\",\"url\":\"https:\\\/\\\/www.capthookfishing.com\\\/wp-content\\\/uploads\\\/2024\\\/10\\\/CH-Boat-768x1024.webp\",\"contentUrl\":\"https:\\\/\\\/www.capthookfishing.com\\\/wp-content\\\/uploads\\\/2024\\\/10\\\/CH-Boat-768x1024.webp\"},{\"@type\":\"BreadcrumbList\",\"@id\":\"https:\\\/\\\/www.capthookfishing.com\\\/about\\\/#breadcrumb\",\"itemListElement\":[{\"@type\":\"ListItem\",\"position\":1,\"name\":\"Home\",\"item\":\"https:\\\/\\\/www.capthookfishing.com\\\/\"},{\"@type\":\"ListItem\",\"position\":2,\"name\":\"About\"}]},{\"@type\":\"WebSite\",\"@id\":\"https:\\\/\\\/www.capthookfishing.com\\\/#website\",\"url\":\"https:\\\/\\\/www.capthookfishing.com\\\/\",\"name\":\"Captain Hook Fishing\",\"description\":\"The Ultimate Fishing Adventure in Guatemala\",\"publisher\":{\"@id\":\"https:\\\/\\\/www.capthookfishing.com\\\/#organization\"},\"alternateName\":\"CaptHook Fishing\",\"potentialAction\":[{\"@type\":\"SearchAction\",\"target\":{\"@type\":\"EntryPoint\",\"urlTemplate\":\"https:\\\/\\\/www.capthookfishing.com\\\/?s={search_term_string}\"},\"query-input\":{\"@type\":\"PropertyValueSpecification\",\"valueRequired\":true,\"valueName\":\"search_term_string\"}}],\"inLanguage\":\"es\"},{\"@type\":\"Organization\",\"@id\":\"https:\\\/\\\/www.capthookfishing.com\\\/#organization\",\"name\":\"Captain Hook Fishing\",\"url\":\"https:\\\/\\\/www.capthookfishing.com\\\/\",\"logo\":{\"@type\":\"ImageObject\",\"inLanguage\":\"es\",\"@id\":\"https:\\\/\\\/www.capthookfishing.com\\\/#\\\/schema\\\/logo\\\/image\\\/\",\"url\":\"https:\\\/\\\/www.capthookfishing.com\\\/wp-content\\\/uploads\\\/2024\\\/09\\\/Captain-hook-500px.webp\",\"contentUrl\":\"https:\\\/\\\/www.capthookfishing.com\\\/wp-content\\\/uploads\\\/2024\\\/09\\\/Captain-hook-500px.webp\",\"width\":501,\"height\":139,\"caption\":\"Captain Hook Fishing\"},\"image\":{\"@id\":\"https:\\\/\\\/www.capthookfishing.com\\\/#\\\/schema\\\/logo\\\/image\\\/\"}}]}<\/script>\n<!-- \/ Yoast SEO plugin. -->","yoast_head_json":{"title":"About - Captain Hook Fishing","robots":{"index":"index","follow":"follow","max-snippet":"max-snippet:-1","max-image-preview":"max-image-preview:large","max-video-preview":"max-video-preview:-1"},"canonical":"https:\/\/www.capthookfishing.com\/es\/about\/","og_locale":"es_ES","og_type":"article","og_title":"About - Captain Hook Fishing","og_description":"About us The Legacy Captain Hook began its storied journey in 1996 when the legendary Captain Ron Hamlin brought this remarkable vessel to the rich waters of Guatemala. On its maiden voyage, Captain Hamlin set an astonishing record with 66 sailfish caught in a single day\u2014just the start of countless extraordinary achievements. In 1997, Captain [&hellip;]","og_url":"https:\/\/www.capthookfishing.com\/es\/about\/","og_site_name":"Captain Hook Fishing","article_modified_time":"2024-10-12T18:45:51+00:00","og_image":[{"url":"https:\/\/www.capthookfishing.com\/wp-content\/uploads\/2024\/10\/CH-Boat-768x1024.webp","type":"","width":"","height":""}],"twitter_card":"summary_large_image","twitter_misc":{"Est. reading time":"2 minutos"},"schema":{"@context":"https:\/\/schema.org","@graph":[{"@type":"WebPage","@id":"https:\/\/www.capthookfishing.com\/about\/","url":"https:\/\/www.capthookfishing.com\/about\/","name":"About - Captain Hook Fishing","isPartOf":{"@id":"https:\/\/www.capthookfishing.com\/#website"},"primaryImageOfPage":{"@id":"https:\/\/www.capthookfishing.com\/about\/#primaryimage"},"image":{"@id":"https:\/\/www.capthookfishing.com\/about\/#primaryimage"},"thumbnailUrl":"https:\/\/www.capthookfishing.com\/wp-content\/uploads\/2024\/10\/CH-Boat-768x1024.webp","datePublished":"2024-09-11T01:10:26+00:00","dateModified":"2024-10-12T18:45:51+00:00","breadcrumb":{"@id":"https:\/\/www.capthookfishing.com\/about\/#breadcrumb"},"inLanguage":"es","potentialAction":[{"@type":"ReadAction","target":["https:\/\/www.capthookfishing.com\/about\/"]}]},{"@type":"ImageObject","inLanguage":"es","@id":"https:\/\/www.capthookfishing.com\/about\/#primaryimage","url":"https:\/\/www.capthookfishing.com\/wp-content\/uploads\/2024\/10\/CH-Boat-768x1024.webp","contentUrl":"https:\/\/www.capthookfishing.com\/wp-content\/uploads\/2024\/10\/CH-Boat-768x1024.webp"},{"@type":"BreadcrumbList","@id":"https:\/\/www.capthookfishing.com\/about\/#breadcrumb","itemListElement":[{"@type":"ListItem","position":1,"name":"Home","item":"https:\/\/www.capthookfishing.com\/"},{"@type":"ListItem","position":2,"name":"About"}]},{"@type":"WebSite","@id":"https:\/\/www.capthookfishing.com\/#website","url":"https:\/\/www.capthookfishing.com\/","name":"Captain Hook Fishing","description":"The Ultimate Fishing Adventure in Guatemala","publisher":{"@id":"https:\/\/www.capthookfishing.com\/#organization"},"alternateName":"CaptHook Fishing","potentialAction":[{"@type":"SearchAction","target":{"@type":"EntryPoint","urlTemplate":"https:\/\/www.capthookfishing.com\/?s={search_term_string}"},"query-input":{"@type":"PropertyValueSpecification","valueRequired":true,"valueName":"search_term_string"}}],"inLanguage":"es"},{"@type":"Organization","@id":"https:\/\/www.capthookfishing.com\/#organization","name":"Captain Hook Fishing","url":"https:\/\/www.capthookfishing.com\/","logo":{"@type":"ImageObject","inLanguage":"es","@id":"https:\/\/www.capthookfishing.com\/#\/schema\/logo\/image\/","url":"https:\/\/www.capthookfishing.com\/wp-content\/uploads\/2024\/09\/Captain-hook-500px.webp","contentUrl":"https:\/\/www.capthookfishing.com\/wp-content\/uploads\/2024\/09\/Captain-hook-500px.webp","width":501,"height":139,"caption":"Captain Hook Fishing"},"image":{"@id":"https:\/\/www.capthookfishing.com\/#\/schema\/logo\/image\/"}}]}},"_links":{"self":[{"href":"https:\/\/www.capthookfishing.com\/es\/wp-json\/wp\/v2\/pages\/10","targetHints":{"allow":["GET"]}}],"collection":[{"href":"https:\/\/www.capthookfishing.com\/es\/wp-json\/wp\/v2\/pages"}],"about":[{"href":"https:\/\/www.capthookfishing.com\/es\/wp-json\/wp\/v2\/types\/page"}],"author":[{"embeddable":true,"href":"https:\/\/www.capthookfishing.com\/es\/wp-json\/wp\/v2\/users\/1"}],"replies":[{"embeddable":true,"href":"https:\/\/www.capthookfishing.com\/es\/wp-json\/wp\/v2\/comments?post=10"}],"version-history":[{"count":5,"href":"https:\/\/www.capthookfishing.com\/es\/wp-json\/wp\/v2\/pages\/10\/revisions"}],"predecessor-version":[{"id":255,"href":"https:\/\/www.capthookfishing.com\/es\/wp-json\/wp\/v2\/pages\/10\/revisions\/255"}],"wp:attachment":[{"href":"https:\/\/www.capthookfishing.com\/es\/wp-json\/wp\/v2\/media?parent=10"}],"curies":[{"name":"wp","href":"https:\/\/api.w.org\/{rel}","templated":true}]}}