{"id":23,"date":"2024-09-11T01:15:26","date_gmt":"2024-09-11T01:15:26","guid":{"rendered":"https:\/\/www.capthookfishing.com\/?page_id=23"},"modified":"2024-10-13T08:30:00","modified_gmt":"2024-10-13T08:30:00","slug":"blog","status":"publish","type":"page","link":"https:\/\/www.capthookfishing.com\/es\/blog\/","title":{"rendered":"Blog"},"content":{"rendered":"<div data-elementor-type=\"wp-page\" data-elementor-id=\"23\" class=\"elementor elementor-23\" data-elementor-post-type=\"page\">\n\t\t\t\t<div class=\"elementor-element elementor-element-00a1672 e-flex e-con-boxed e-con e-parent\" data-id=\"00a1672\" data-element_type=\"container\" data-e-type=\"container\" data-settings=\"{&quot;background_background&quot;:&quot;classic&quot;,&quot;shape_divider_bottom&quot;:&quot;wave-brush&quot;}\">\n\t\t\t\t\t<div class=\"e-con-inner\">\n\t\t\t\t<div class=\"elementor-shape elementor-shape-bottom\" aria-hidden=\"true\" data-negative=\"false\">\n\t\t\t<svg xmlns=\"http:\/\/www.w3.org\/2000\/svg\" viewbox=\"0 0 283.5 27.8\" preserveaspectratio=\"none\">\n\t<path class=\"elementor-shape-fill\" d=\"M283.5,9.7c0,0-7.3,4.3-14,4.6c-6.8,0.3-12.6,0-20.9-1.5c-11.3-2-33.1-10.1-44.7-5.7\ts-12.1,4.6-18,7.4c-6.6,3.2-20,9.6-36.6,9.3C131.6,23.5,99.5,7.2,86.3,8c-1.4,0.1-6.6,0.8-10.5,2c-3.8,1.2-9.4,3.8-17,4.7\tc-3.2,0.4-8.3,1.1-14.2,0.9c-1.5-0.1-6.3-0.4-12-1.6c-5.7-1.2-11-3.1-15.8-3.7C6.5,9.2,0,10.8,0,10.8V0h283.5V9.7z M260.8,11.3\tc-0.7-1-2-0.4-4.3-0.4c-2.3,0-6.1-1.2-5.8-1.1c0.3,0.1,3.1,1.5,6,1.9C259.7,12.2,261.4,12.3,260.8,11.3z M242.4,8.6\tc0,0-2.4-0.2-5.6-0.9c-3.2-0.8-10.3-2.8-15.1-3.5c-8.2-1.1-15.8,0-15.1,0.1c0.8,0.1,9.6-0.6,17.6,1.1c3.3,0.7,9.3,2.2,12.4,2.7\tC239.9,8.7,242.4,8.6,242.4,8.6z M185.2,8.5c1.7-0.7-13.3,4.7-18.5,6.1c-2.1,0.6-6.2,1.6-10,2c-3.9,0.4-8.9,0.4-8.8,0.5\tc0,0.2,5.8,0.8,11.2,0c5.4-0.8,5.2-1.1,7.6-1.6C170.5,14.7,183.5,9.2,185.2,8.5z M199.1,6.9c0.2,0-0.8-0.4-4.8,1.1\tc-4,1.5-6.7,3.5-6.9,3.7c-0.2,0.1,3.5-1.8,6.6-3C197,7.5,199,6.9,199.1,6.9z M283,6c-0.1,0.1-1.9,1.1-4.8,2.5s-6.9,2.8-6.7,2.7\tc0.2,0,3.5-0.6,7.4-2.5C282.8,6.8,283.1,5.9,283,6z M31.3,11.6c0.1-0.2-1.9-0.2-4.5-1.2s-5.4-1.6-7.8-2C15,7.6,7.3,8.5,7.7,8.6\tC8,8.7,15.9,8.3,20.2,9.3c2.2,0.5,2.4,0.5,5.7,1.6S31.2,11.9,31.3,11.6z M73,9.2c0.4-0.1,3.5-1.6,8.4-2.6c4.9-1.1,8.9-0.5,8.9-0.8\tc0-0.3-1-0.9-6.2-0.3S72.6,9.3,73,9.2z M71.6,6.7C71.8,6.8,75,5.4,77.3,5c2.3-0.3,1.9-0.5,1.9-0.6c0-0.1-1.1-0.2-2.7,0.2\tC74.8,5.1,71.4,6.6,71.6,6.7z M93.6,4.4c0.1,0.2,3.5,0.8,5.6,1.8c2.1,1,1.8,0.6,1.9,0.5c0.1-0.1-0.8-0.8-2.4-1.3\tC97.1,4.8,93.5,4.2,93.6,4.4z M65.4,11.1c-0.1,0.3,0.3,0.5,1.9-0.2s2.6-1.3,2.2-1.2s-0.9,0.4-2.5,0.8C65.3,10.9,65.5,10.8,65.4,11.1\tz M34.5,12.4c-0.2,0,2.1,0.8,3.3,0.9c1.2,0.1,2,0.1,2-0.2c0-0.3-0.1-0.5-1.6-0.4C36.6,12.8,34.7,12.4,34.5,12.4z M152.2,21.1\tc-0.1,0.1-2.4-0.3-7.5-0.3c-5,0-13.6-2.4-17.2-3.5c-3.6-1.1,10,3.9,16.5,4.1C150.5,21.6,152.3,21,152.2,21.1z\"\/>\n\t<path class=\"elementor-shape-fill\" d=\"M269.6,18c-0.1-0.1-4.6,0.3-7.2,0c-7.3-0.7-17-3.2-16.6-2.9c0.4,0.3,13.7,3.1,17,3.3\tC267.7,18.8,269.7,18,269.6,18z\"\/>\n\t<path class=\"elementor-shape-fill\" d=\"M227.4,9.8c-0.2-0.1-4.5-1-9.5-1.2c-5-0.2-12.7,0.6-12.3,0.5c0.3-0.1,5.9-1.8,13.3-1.2\tS227.6,9.9,227.4,9.8z\"\/>\n\t<path class=\"elementor-shape-fill\" d=\"M204.5,13.4c-0.1-0.1,2-1,3.2-1.1c1.2-0.1,2,0,2,0.3c0,0.3-0.1,0.5-1.6,0.4\tC206.4,12.9,204.6,13.5,204.5,13.4z\"\/>\n\t<path class=\"elementor-shape-fill\" d=\"M201,10.6c0-0.1-4.4,1.2-6.3,2.2c-1.9,0.9-6.2,3.1-6.1,3.1c0.1,0.1,4.2-1.6,6.3-2.6\tS201,10.7,201,10.6z\"\/>\n\t<path class=\"elementor-shape-fill\" d=\"M154.5,26.7c-0.1-0.1-4.6,0.3-7.2,0c-7.3-0.7-17-3.2-16.6-2.9c0.4,0.3,13.7,3.1,17,3.3\tC152.6,27.5,154.6,26.8,154.5,26.7z\"\/>\n\t<path class=\"elementor-shape-fill\" d=\"M41.9,19.3c0,0,1.2-0.3,2.9-0.1c1.7,0.2,5.8,0.9,8.2,0.7c4.2-0.4,7.4-2.7,7-2.6\tc-0.4,0-4.3,2.2-8.6,1.9c-1.8-0.1-5.1-0.5-6.7-0.4S41.9,19.3,41.9,19.3z\"\/>\n\t<path class=\"elementor-shape-fill\" d=\"M75.5,12.6c0.2,0.1,2-0.8,4.3-1.1c2.3-0.2,2.1-0.3,2.1-0.5c0-0.1-1.8-0.4-3.4,0\tC76.9,11.5,75.3,12.5,75.5,12.6z\"\/>\n\t<path class=\"elementor-shape-fill\" d=\"M15.6,13.2c0-0.1,4.3,0,6.7,0.5c2.4,0.5,5,1.9,5,2c0,0.1-2.7-0.8-5.1-1.4\tC19.9,13.7,15.7,13.3,15.6,13.2z\"\/>\n<\/svg>\t\t<\/div>\n\t\t\t\t<div class=\"elementor-element elementor-element-1089080 elementor-widget elementor-widget-heading\" data-id=\"1089080\" data-element_type=\"widget\" data-e-type=\"widget\" data-widget_type=\"heading.default\">\n\t\t\t\t<div class=\"elementor-widget-container\">\n\t\t\t\t\t<h2 class=\"elementor-heading-title elementor-size-default\">El Blog del Capit\u00e1n<\/h2>\t\t\t\t<\/div>\n\t\t\t\t<\/div>\n\t\t\t\t\t<\/div>\n\t\t\t\t<\/div>\n\t\t<div class=\"elementor-element elementor-element-7fc4fb97 e-flex e-con-boxed e-con e-parent\" data-id=\"7fc4fb97\" data-element_type=\"container\" data-e-type=\"container\" data-settings=\"{&quot;background_background&quot;:&quot;classic&quot;}\">\n\t\t\t\t\t<div class=\"e-con-inner\">\n\t\t\t\t<div class=\"elementor-element elementor-element-1923b7ea elementor-posts--align-left elementor-grid-tablet-3 elementor-grid-3 elementor-grid-mobile-1 elementor-posts--thumbnail-top elementor-widget elementor-widget-posts\" data-id=\"1923b7ea\" data-element_type=\"widget\" data-e-type=\"widget\" data-settings=\"{&quot;classic_row_gap&quot;:{&quot;unit&quot;:&quot;px&quot;,&quot;size&quot;:175,&quot;sizes&quot;:[]},&quot;classic_row_gap_tablet&quot;:{&quot;unit&quot;:&quot;px&quot;,&quot;size&quot;:40,&quot;sizes&quot;:[]},&quot;classic_row_gap_mobile&quot;:{&quot;unit&quot;:&quot;px&quot;,&quot;size&quot;:60,&quot;sizes&quot;:[]},&quot;pagination_type&quot;:&quot;prev_next&quot;,&quot;classic_masonry&quot;:&quot;yes&quot;,&quot;classic_columns_tablet&quot;:&quot;3&quot;,&quot;classic_columns&quot;:&quot;3&quot;,&quot;classic_columns_mobile&quot;:&quot;1&quot;}\" data-widget_type=\"posts.classic\">\n\t\t\t\t<div class=\"elementor-widget-container\">\n\t\t\t\t\t\t\t<div class=\"elementor-posts-container elementor-posts elementor-posts--skin-classic elementor-grid\" role=\"list\">\n\t\t\t\t<article class=\"elementor-post elementor-grid-item post-356 post type-post status-publish format-standard has-post-thumbnail hentry category-uncategorized\" role=\"listitem\">\n\t\t\t\t<a class=\"elementor-post__thumbnail__link\" href=\"https:\/\/www.capthookfishing.com\/es\/choosing-the-right-equipment\/\" tabindex=\"-1\" target=\"&quot;_blank&quot;\">\n\t\t\t<div class=\"elementor-post__thumbnail\"><img fetchpriority=\"high\" decoding=\"async\" width=\"768\" height=\"432\" src=\"https:\/\/www.capthookfishing.com\/wp-content\/uploads\/2024\/10\/choosing-the-right-equipment-CH-768x432.webp\" class=\"attachment-medium_large size-medium_large wp-image-361\" alt=\"\" srcset=\"https:\/\/www.capthookfishing.com\/wp-content\/uploads\/2024\/10\/choosing-the-right-equipment-CH-768x432.webp 768w, https:\/\/www.capthookfishing.com\/wp-content\/uploads\/2024\/10\/choosing-the-right-equipment-CH-600x337.webp 600w, https:\/\/www.capthookfishing.com\/wp-content\/uploads\/2024\/10\/choosing-the-right-equipment-CH-300x169.webp 300w, https:\/\/www.capthookfishing.com\/wp-content\/uploads\/2024\/10\/choosing-the-right-equipment-CH-18x10.webp 18w, https:\/\/www.capthookfishing.com\/wp-content\/uploads\/2024\/10\/choosing-the-right-equipment-CH.webp 886w\" sizes=\"(max-width: 768px) 100vw, 768px\" \/><\/div>\n\t\t<\/a>\n\t\t\t\t<div class=\"elementor-post__text\">\n\t\t\t\t<h2 class=\"elementor-post__title\">\n\t\t\t<a href=\"https:\/\/www.capthookfishing.com\/es\/choosing-the-right-equipment\/\" target=\"&quot;_blank&quot;\">\n\t\t\t\tEligiendo el Equipo Adecuado\t\t\t<\/a>\n\t\t<\/h2>\n\t\t\t\t<div class=\"elementor-post__meta-data\">\n\t\t\t\t\t<span class=\"elementor-post-date\">\n\t\t\toctubre 22, 2024\t\t<\/span>\n\t\t\t\t<\/div>\n\t\t\t\t<div class=\"elementor-post__excerpt\">\n\t\t\t<p>La pesca es una actividad emocionante y divertida, pero la verdadera emoci\u00f3n llega cuando sacas una gran captura. Y para hacerlo, necesitas el...<\/p>\n\t\t<\/div>\n\t\t\n\t\t<a class=\"elementor-post__read-more\" href=\"https:\/\/www.capthookfishing.com\/es\/choosing-the-right-equipment\/\" aria-label=\"Read more about Choosing the Right Equipment\" tabindex=\"-1\" target=\"_blank\">\n\t\t\tSeguir leyendo\t\t<\/a>\n\n\t\t\t\t<\/div>\n\t\t\t\t<\/article>\n\t\t\t\t<article class=\"elementor-post elementor-grid-item post-347 post type-post status-publish format-standard has-post-thumbnail hentry category-uncategorized\" role=\"listitem\">\n\t\t\t\t<a class=\"elementor-post__thumbnail__link\" href=\"https:\/\/www.capthookfishing.com\/es\/marlin-on-the-fly\/\" tabindex=\"-1\" target=\"&quot;_blank&quot;\">\n\t\t\t<div class=\"elementor-post__thumbnail\"><img decoding=\"async\" width=\"768\" height=\"432\" src=\"https:\/\/www.capthookfishing.com\/wp-content\/uploads\/2024\/10\/Marlin-on-fly-1024x576-copia-768x432.webp\" class=\"attachment-medium_large size-medium_large wp-image-348\" alt=\"\" srcset=\"https:\/\/www.capthookfishing.com\/wp-content\/uploads\/2024\/10\/Marlin-on-fly-1024x576-copia-768x432.webp 768w, https:\/\/www.capthookfishing.com\/wp-content\/uploads\/2024\/10\/Marlin-on-fly-1024x576-copia-600x338.webp 600w, https:\/\/www.capthookfishing.com\/wp-content\/uploads\/2024\/10\/Marlin-on-fly-1024x576-copia-300x169.webp 300w, https:\/\/www.capthookfishing.com\/wp-content\/uploads\/2024\/10\/Marlin-on-fly-1024x576-copia-18x10.webp 18w, https:\/\/www.capthookfishing.com\/wp-content\/uploads\/2024\/10\/Marlin-on-fly-1024x576-copia.webp 1024w\" sizes=\"(max-width: 768px) 100vw, 768px\" \/><\/div>\n\t\t<\/a>\n\t\t\t\t<div class=\"elementor-post__text\">\n\t\t\t\t<h2 class=\"elementor-post__title\">\n\t\t\t<a href=\"https:\/\/www.capthookfishing.com\/es\/marlin-on-the-fly\/\" target=\"&quot;_blank&quot;\">\n\t\t\t\t\u00a1Pez Vela con Mosca!\t\t\t<\/a>\n\t\t<\/h2>\n\t\t\t\t<div class=\"elementor-post__meta-data\">\n\t\t\t\t\t<span class=\"elementor-post-date\">\n\t\t\toctubre 22, 2024\t\t<\/span>\n\t\t\t\t<\/div>\n\t\t\t\t<div class=\"elementor-post__excerpt\">\n\t\t\t<p>Cuando pescas con mosca, no esperas atrapar un pez que pese m\u00e1s de 200 libras, \u00a1pero para nuestra sorpresa, eso es exactamente lo que atrapamos! La pesca con mosca...<\/p>\n\t\t<\/div>\n\t\t\n\t\t<a class=\"elementor-post__read-more\" href=\"https:\/\/www.capthookfishing.com\/es\/marlin-on-the-fly\/\" aria-label=\"Read more about Marlin on The Fly!\" tabindex=\"-1\" target=\"_blank\">\n\t\t\tSeguir leyendo\t\t<\/a>\n\n\t\t\t\t<\/div>\n\t\t\t\t<\/article>\n\t\t\t\t<article class=\"elementor-post elementor-grid-item post-296 post type-post status-publish format-standard has-post-thumbnail hentry category-uncategorized\" role=\"listitem\">\n\t\t\t\t<a class=\"elementor-post__thumbnail__link\" href=\"https:\/\/www.capthookfishing.com\/es\/fishing-with-doug-and-brian\/\" tabindex=\"-1\" target=\"&quot;_blank&quot;\">\n\t\t\t<div class=\"elementor-post__thumbnail\"><img decoding=\"async\" width=\"768\" height=\"432\" src=\"https:\/\/www.capthookfishing.com\/wp-content\/uploads\/2024\/10\/Fly-fishing-with-Doug-and-Brian-copia.webp\" class=\"attachment-medium_large size-medium_large wp-image-297\" alt=\"\" srcset=\"https:\/\/www.capthookfishing.com\/wp-content\/uploads\/2024\/10\/Fly-fishing-with-Doug-and-Brian-copia.webp 768w, https:\/\/www.capthookfishing.com\/wp-content\/uploads\/2024\/10\/Fly-fishing-with-Doug-and-Brian-copia-600x338.webp 600w, https:\/\/www.capthookfishing.com\/wp-content\/uploads\/2024\/10\/Fly-fishing-with-Doug-and-Brian-copia-300x169.webp 300w\" sizes=\"(max-width: 768px) 100vw, 768px\" \/><\/div>\n\t\t<\/a>\n\t\t\t\t<div class=\"elementor-post__text\">\n\t\t\t\t<h2 class=\"elementor-post__title\">\n\t\t\t<a href=\"https:\/\/www.capthookfishing.com\/es\/fishing-with-doug-and-brian\/\" target=\"&quot;_blank&quot;\">\n\t\t\t\tPesca con Mosca con Doug y Brian\t\t\t<\/a>\n\t\t<\/h2>\n\t\t\t\t<div class=\"elementor-post__meta-data\">\n\t\t\t\t\t<span class=\"elementor-post-date\">\n\t\t\toctubre 19, 2024\t\t<\/span>\n\t\t\t\t<\/div>\n\t\t\t\t<div class=\"elementor-post__excerpt\">\n\t\t\t<p>Encontr\u00e9 que pescar con pasi\u00f3n, amor y prop\u00f3sito es asombroso y es genial ver c\u00f3mo puedes disfrutar de la pesca sin importar tu edad. Tuve...<\/p>\n\t\t<\/div>\n\t\t\n\t\t<a class=\"elementor-post__read-more\" href=\"https:\/\/www.capthookfishing.com\/es\/fishing-with-doug-and-brian\/\" aria-label=\"Read more about Fly Fishing with Doug and Brian\" tabindex=\"-1\" target=\"_blank\">\n\t\t\tSeguir leyendo\t\t<\/a>\n\n\t\t\t\t<\/div>\n\t\t\t\t<\/article>\n\t\t\t\t<\/div>\n\t\t\n\t\t\t\t\t\t<\/div>\n\t\t\t\t<\/div>\n\t\t\t\t\t<\/div>\n\t\t\t\t<\/div>\n\t\t\t\t<\/div>","protected":false},"excerpt":{"rendered":"<p>The Captain&#8217;s Blog<\/p>","protected":false},"author":1,"featured_media":0,"parent":0,"menu_order":0,"comment_status":"closed","ping_status":"closed","template":"","meta":{"footnotes":""},"class_list":["post-23","page","type-page","status-publish","hentry"],"yoast_head":"<!-- This site is optimized with the Yoast SEO plugin v27.4 - https:\/\/yoast.com\/product\/yoast-seo-wordpress\/ -->\n<title>Blog - Captain Hook Fishing<\/title>\n<meta name=\"robots\" content=\"index, follow, max-snippet:-1, max-image-preview:large, max-video-preview:-1\" \/>\n<link rel=\"canonical\" href=\"https:\/\/www.capthookfishing.com\/es\/blog\/\" \/>\n<meta property=\"og:locale\" content=\"es_ES\" \/>\n<meta property=\"og:type\" content=\"article\" \/>\n<meta property=\"og:title\" content=\"Blog - Captain Hook Fishing\" \/>\n<meta property=\"og:description\" content=\"The Captain&#8217;s Blog\" \/>\n<meta property=\"og:url\" content=\"https:\/\/www.capthookfishing.com\/es\/blog\/\" \/>\n<meta property=\"og:site_name\" content=\"Captain Hook Fishing\" \/>\n<meta property=\"article:modified_time\" content=\"2024-10-13T08:30:00+00:00\" \/>\n<meta name=\"twitter:card\" content=\"summary_large_image\" \/>\n<meta name=\"twitter:label1\" content=\"Est. reading time\" \/>\n\t<meta name=\"twitter:data1\" content=\"1 minuto\" \/>\n<script type=\"application\/ld+json\" class=\"yoast-schema-graph\">{\"@context\":\"https:\\\/\\\/schema.org\",\"@graph\":[{\"@type\":\"WebPage\",\"@id\":\"https:\\\/\\\/www.capthookfishing.com\\\/blog\\\/\",\"url\":\"https:\\\/\\\/www.capthookfishing.com\\\/blog\\\/\",\"name\":\"Blog - Captain Hook Fishing\",\"isPartOf\":{\"@id\":\"https:\\\/\\\/www.capthookfishing.com\\\/#website\"},\"datePublished\":\"2024-09-11T01:15:26+00:00\",\"dateModified\":\"2024-10-13T08:30:00+00:00\",\"breadcrumb\":{\"@id\":\"https:\\\/\\\/www.capthookfishing.com\\\/blog\\\/#breadcrumb\"},\"inLanguage\":\"es\",\"potentialAction\":[{\"@type\":\"ReadAction\",\"target\":[\"https:\\\/\\\/www.capthookfishing.com\\\/blog\\\/\"]}]},{\"@type\":\"BreadcrumbList\",\"@id\":\"https:\\\/\\\/www.capthookfishing.com\\\/blog\\\/#breadcrumb\",\"itemListElement\":[{\"@type\":\"ListItem\",\"position\":1,\"name\":\"Home\",\"item\":\"https:\\\/\\\/www.capthookfishing.com\\\/\"},{\"@type\":\"ListItem\",\"position\":2,\"name\":\"Blog\"}]},{\"@type\":\"WebSite\",\"@id\":\"https:\\\/\\\/www.capthookfishing.com\\\/#website\",\"url\":\"https:\\\/\\\/www.capthookfishing.com\\\/\",\"name\":\"Captain Hook Fishing\",\"description\":\"The Ultimate Fishing Adventure in Guatemala\",\"publisher\":{\"@id\":\"https:\\\/\\\/www.capthookfishing.com\\\/#organization\"},\"alternateName\":\"CaptHook Fishing\",\"potentialAction\":[{\"@type\":\"SearchAction\",\"target\":{\"@type\":\"EntryPoint\",\"urlTemplate\":\"https:\\\/\\\/www.capthookfishing.com\\\/?s={search_term_string}\"},\"query-input\":{\"@type\":\"PropertyValueSpecification\",\"valueRequired\":true,\"valueName\":\"search_term_string\"}}],\"inLanguage\":\"es\"},{\"@type\":\"Organization\",\"@id\":\"https:\\\/\\\/www.capthookfishing.com\\\/#organization\",\"name\":\"Captain Hook Fishing\",\"url\":\"https:\\\/\\\/www.capthookfishing.com\\\/\",\"logo\":{\"@type\":\"ImageObject\",\"inLanguage\":\"es\",\"@id\":\"https:\\\/\\\/www.capthookfishing.com\\\/#\\\/schema\\\/logo\\\/image\\\/\",\"url\":\"https:\\\/\\\/www.capthookfishing.com\\\/wp-content\\\/uploads\\\/2024\\\/09\\\/Captain-hook-500px.webp\",\"contentUrl\":\"https:\\\/\\\/www.capthookfishing.com\\\/wp-content\\\/uploads\\\/2024\\\/09\\\/Captain-hook-500px.webp\",\"width\":501,\"height\":139,\"caption\":\"Captain Hook Fishing\"},\"image\":{\"@id\":\"https:\\\/\\\/www.capthookfishing.com\\\/#\\\/schema\\\/logo\\\/image\\\/\"}}]}<\/script>\n<!-- \/ Yoast SEO plugin. -->","yoast_head_json":{"title":"Blog - Captain Hook Fishing","robots":{"index":"index","follow":"follow","max-snippet":"max-snippet:-1","max-image-preview":"max-image-preview:large","max-video-preview":"max-video-preview:-1"},"canonical":"https:\/\/www.capthookfishing.com\/es\/blog\/","og_locale":"es_ES","og_type":"article","og_title":"Blog - Captain Hook Fishing","og_description":"The Captain&#8217;s Blog","og_url":"https:\/\/www.capthookfishing.com\/es\/blog\/","og_site_name":"Captain Hook Fishing","article_modified_time":"2024-10-13T08:30:00+00:00","twitter_card":"summary_large_image","twitter_misc":{"Est. reading time":"1 minuto"},"schema":{"@context":"https:\/\/schema.org","@graph":[{"@type":"WebPage","@id":"https:\/\/www.capthookfishing.com\/blog\/","url":"https:\/\/www.capthookfishing.com\/blog\/","name":"Blog - Captain Hook Fishing","isPartOf":{"@id":"https:\/\/www.capthookfishing.com\/#website"},"datePublished":"2024-09-11T01:15:26+00:00","dateModified":"2024-10-13T08:30:00+00:00","breadcrumb":{"@id":"https:\/\/www.capthookfishing.com\/blog\/#breadcrumb"},"inLanguage":"es","potentialAction":[{"@type":"ReadAction","target":["https:\/\/www.capthookfishing.com\/blog\/"]}]},{"@type":"BreadcrumbList","@id":"https:\/\/www.capthookfishing.com\/blog\/#breadcrumb","itemListElement":[{"@type":"ListItem","position":1,"name":"Home","item":"https:\/\/www.capthookfishing.com\/"},{"@type":"ListItem","position":2,"name":"Blog"}]},{"@type":"WebSite","@id":"https:\/\/www.capthookfishing.com\/#website","url":"https:\/\/www.capthookfishing.com\/","name":"Captain Hook Fishing","description":"The Ultimate Fishing Adventure in Guatemala","publisher":{"@id":"https:\/\/www.capthookfishing.com\/#organization"},"alternateName":"CaptHook Fishing","potentialAction":[{"@type":"SearchAction","target":{"@type":"EntryPoint","urlTemplate":"https:\/\/www.capthookfishing.com\/?s={search_term_string}"},"query-input":{"@type":"PropertyValueSpecification","valueRequired":true,"valueName":"search_term_string"}}],"inLanguage":"es"},{"@type":"Organization","@id":"https:\/\/www.capthookfishing.com\/#organization","name":"Captain Hook Fishing","url":"https:\/\/www.capthookfishing.com\/","logo":{"@type":"ImageObject","inLanguage":"es","@id":"https:\/\/www.capthookfishing.com\/#\/schema\/logo\/image\/","url":"https:\/\/www.capthookfishing.com\/wp-content\/uploads\/2024\/09\/Captain-hook-500px.webp","contentUrl":"https:\/\/www.capthookfishing.com\/wp-content\/uploads\/2024\/09\/Captain-hook-500px.webp","width":501,"height":139,"caption":"Captain Hook Fishing"},"image":{"@id":"https:\/\/www.capthookfishing.com\/#\/schema\/logo\/image\/"}}]}},"_links":{"self":[{"href":"https:\/\/www.capthookfishing.com\/es\/wp-json\/wp\/v2\/pages\/23","targetHints":{"allow":["GET"]}}],"collection":[{"href":"https:\/\/www.capthookfishing.com\/es\/wp-json\/wp\/v2\/pages"}],"about":[{"href":"https:\/\/www.capthookfishing.com\/es\/wp-json\/wp\/v2\/types\/page"}],"author":[{"embeddable":true,"href":"https:\/\/www.capthookfishing.com\/es\/wp-json\/wp\/v2\/users\/1"}],"replies":[{"embeddable":true,"href":"https:\/\/www.capthookfishing.com\/es\/wp-json\/wp\/v2\/comments?post=23"}],"version-history":[{"count":5,"href":"https:\/\/www.capthookfishing.com\/es\/wp-json\/wp\/v2\/pages\/23\/revisions"}],"predecessor-version":[{"id":288,"href":"https:\/\/www.capthookfishing.com\/es\/wp-json\/wp\/v2\/pages\/23\/revisions\/288"}],"wp:attachment":[{"href":"https:\/\/www.capthookfishing.com\/es\/wp-json\/wp\/v2\/media?parent=23"}],"curies":[{"name":"wp","href":"https:\/\/api.w.org\/{rel}","templated":true}]}}