{"id":631,"date":"2025-03-02T17:59:14","date_gmt":"2025-03-02T17:59:14","guid":{"rendered":"https:\/\/www.capthookfishing.com\/?post_type=product&#038;p=631"},"modified":"2026-03-31T23:29:40","modified_gmt":"2026-03-31T23:29:40","slug":"3-anglers-2d3n","status":"publish","type":"product","link":"https:\/\/www.capthookfishing.com\/es\/product\/3-anglers-2d3n\/","title":{"rendered":"3 Pescadores \u2013 2 D\u00edas\/3 Noches"},"content":{"rendered":"<p>\u00a1Vive una aventura de pesca inolvidable con nuestro paquete exclusivo para tres! Disfruta de 2 d\u00edas de pesca emocionante y 3 noches de alojamiento c\u00f3modo. El paquete incluye:<\/p>\n<ul>\n<li>Paquete de pesca para 3<\/li>\n<li>2 d\u00edas de pesca, 3 noches de alojamiento<\/li>\n<li>Comida y bebidas<\/li>\n<li><i class=\"far fa-check-circle\" aria-hidden=\"true\"><\/i>Cerveza Local<\/li>\n<li><i class=\"far fa-check-circle\" aria-hidden=\"true\"><\/i>Alojamiento<\/li>\n<li><i class=\"far fa-check-circle\" aria-hidden=\"true\"><\/i>Transporte privado desde el aeropuerto<\/li>\n<\/ul>","protected":false},"excerpt":{"rendered":"<p>\u00a1Vive una aventura de pesca inolvidable con nuestro paquete exclusivo para tres! Disfruta de 2 d\u00edas de pesca emocionante, 3 noches de alojamiento c\u00f3modo y del\u00e9itate con deliciosa comida y bebidas, incluyendo refrescante cerveza local. Desde el momento en que llegues, te tenemos cubierto con transporte privado al aeropuerto, asegurando una escapada sin complicaciones. \u00a1Reserva ahora para la combinaci\u00f3n perfecta de relajaci\u00f3n y aventura!<\/p>","protected":false},"featured_media":1037,"template":"","meta":[],"product_brand":[],"product_cat":[22,33,93],"product_tag":[],"class_list":{"0":"post-631","1":"product","2":"type-product","3":"status-publish","4":"has-post-thumbnail","6":"product_cat-2-days-3-nights","7":"product_cat-3-anglers","8":"product_cat-fishing-packages","10":"first","11":"instock","12":"virtual","13":"sold-individually","14":"taxable","15":"purchasable","16":"product-type-booking"},"yoast_head":"<!-- This site is optimized with the Yoast SEO plugin v27.4 - https:\/\/yoast.com\/product\/yoast-seo-wordpress\/ -->\n<title>3 Anglers - 2 Days\/3 Nights - Captain Hook Fishing<\/title>\n<meta name=\"description\" content=\"Embark on an unforgettable fishing adventure with our exclusive package for 3 anglers. Enjoy 2 days of thrilling fishing and 3 nights of comfortable lodging. Book now for the ultimate fishing getaway!\" \/>\n<meta name=\"robots\" content=\"index, follow, max-snippet:-1, max-image-preview:large, max-video-preview:-1\" \/>\n<link rel=\"canonical\" href=\"https:\/\/www.capthookfishing.com\/es\/product\/3-anglers-2d3n\/\" \/>\n<meta property=\"og:locale\" content=\"es_ES\" \/>\n<meta property=\"og:type\" content=\"article\" \/>\n<meta property=\"og:title\" content=\"3 Anglers - 2 Days\/3 Nights - Captain Hook Fishing\" \/>\n<meta property=\"og:description\" content=\"Embark on an unforgettable fishing adventure with our exclusive package for 3 anglers. Enjoy 2 days of thrilling fishing and 3 nights of comfortable lodging. Book now for the ultimate fishing getaway!\" \/>\n<meta property=\"og:url\" content=\"https:\/\/www.capthookfishing.com\/es\/product\/3-anglers-2d3n\/\" \/>\n<meta property=\"og:site_name\" content=\"Captain Hook Fishing\" \/>\n<meta property=\"article:modified_time\" content=\"2026-03-31T23:29:40+00:00\" \/>\n<meta property=\"og:image\" content=\"https:\/\/www.capthookfishing.com\/wp-content\/uploads\/2024\/10\/3-Anglers@0.25x.png\" \/>\n\t<meta property=\"og:image:width\" content=\"960\" \/>\n\t<meta property=\"og:image:height\" content=\"960\" \/>\n\t<meta property=\"og:image:type\" content=\"image\/png\" \/>\n<meta name=\"twitter:card\" content=\"summary_large_image\" \/>\n<meta name=\"twitter:label1\" content=\"Est. reading time\" \/>\n\t<meta name=\"twitter:data1\" content=\"1 minuto\" \/>\n<script type=\"application\/ld+json\" class=\"yoast-schema-graph\">{\"@context\":\"https:\\\/\\\/schema.org\",\"@graph\":[{\"@type\":\"WebPage\",\"@id\":\"https:\\\/\\\/www.capthookfishing.com\\\/product\\\/3-anglers-2d3n\\\/\",\"url\":\"https:\\\/\\\/www.capthookfishing.com\\\/product\\\/3-anglers-2d3n\\\/\",\"name\":\"3 Anglers - 2 Days\\\/3 Nights - Captain Hook Fishing\",\"isPartOf\":{\"@id\":\"https:\\\/\\\/www.capthookfishing.com\\\/#website\"},\"primaryImageOfPage\":{\"@id\":\"https:\\\/\\\/www.capthookfishing.com\\\/product\\\/3-anglers-2d3n\\\/#primaryimage\"},\"image\":{\"@id\":\"https:\\\/\\\/www.capthookfishing.com\\\/product\\\/3-anglers-2d3n\\\/#primaryimage\"},\"thumbnailUrl\":\"https:\\\/\\\/www.capthookfishing.com\\\/wp-content\\\/uploads\\\/2024\\\/10\\\/3-Anglers@0.25x.png\",\"datePublished\":\"2025-03-02T17:59:14+00:00\",\"dateModified\":\"2026-03-31T23:29:40+00:00\",\"description\":\"Embark on an unforgettable fishing adventure with our exclusive package for 3 anglers. Enjoy 2 days of thrilling fishing and 3 nights of comfortable lodging. Book now for the ultimate fishing getaway!\",\"breadcrumb\":{\"@id\":\"https:\\\/\\\/www.capthookfishing.com\\\/product\\\/3-anglers-2d3n\\\/#breadcrumb\"},\"inLanguage\":\"es\",\"potentialAction\":[{\"@type\":\"ReadAction\",\"target\":[\"https:\\\/\\\/www.capthookfishing.com\\\/product\\\/3-anglers-2d3n\\\/\"]}]},{\"@type\":\"ImageObject\",\"inLanguage\":\"es\",\"@id\":\"https:\\\/\\\/www.capthookfishing.com\\\/product\\\/3-anglers-2d3n\\\/#primaryimage\",\"url\":\"https:\\\/\\\/www.capthookfishing.com\\\/wp-content\\\/uploads\\\/2024\\\/10\\\/3-Anglers@0.25x.png\",\"contentUrl\":\"https:\\\/\\\/www.capthookfishing.com\\\/wp-content\\\/uploads\\\/2024\\\/10\\\/3-Anglers@0.25x.png\",\"width\":960,\"height\":960,\"caption\":\"Captain Hook Fishing 3 Anglers package icon\"},{\"@type\":\"BreadcrumbList\",\"@id\":\"https:\\\/\\\/www.capthookfishing.com\\\/product\\\/3-anglers-2d3n\\\/#breadcrumb\",\"itemListElement\":[{\"@type\":\"ListItem\",\"position\":1,\"name\":\"Home\",\"item\":\"https:\\\/\\\/www.capthookfishing.com\\\/\"},{\"@type\":\"ListItem\",\"position\":2,\"name\":\"Shop\",\"item\":\"https:\\\/\\\/www.capthookfishing.com\\\/shop\\\/\"},{\"@type\":\"ListItem\",\"position\":3,\"name\":\"3 Anglers &#8211; 2 Days\\\/3 Nights\"}]},{\"@type\":\"WebSite\",\"@id\":\"https:\\\/\\\/www.capthookfishing.com\\\/#website\",\"url\":\"https:\\\/\\\/www.capthookfishing.com\\\/\",\"name\":\"Captain Hook Fishing\",\"description\":\"The Ultimate Fishing Adventure in Guatemala\",\"publisher\":{\"@id\":\"https:\\\/\\\/www.capthookfishing.com\\\/#organization\"},\"alternateName\":\"CaptHook Fishing\",\"potentialAction\":[{\"@type\":\"SearchAction\",\"target\":{\"@type\":\"EntryPoint\",\"urlTemplate\":\"https:\\\/\\\/www.capthookfishing.com\\\/?s={search_term_string}\"},\"query-input\":{\"@type\":\"PropertyValueSpecification\",\"valueRequired\":true,\"valueName\":\"search_term_string\"}}],\"inLanguage\":\"es\"},{\"@type\":\"Organization\",\"@id\":\"https:\\\/\\\/www.capthookfishing.com\\\/#organization\",\"name\":\"Captain Hook Fishing\",\"url\":\"https:\\\/\\\/www.capthookfishing.com\\\/\",\"logo\":{\"@type\":\"ImageObject\",\"inLanguage\":\"es\",\"@id\":\"https:\\\/\\\/www.capthookfishing.com\\\/#\\\/schema\\\/logo\\\/image\\\/\",\"url\":\"https:\\\/\\\/www.capthookfishing.com\\\/wp-content\\\/uploads\\\/2024\\\/09\\\/Captain-hook-500px.webp\",\"contentUrl\":\"https:\\\/\\\/www.capthookfishing.com\\\/wp-content\\\/uploads\\\/2024\\\/09\\\/Captain-hook-500px.webp\",\"width\":501,\"height\":139,\"caption\":\"Captain Hook Fishing\"},\"image\":{\"@id\":\"https:\\\/\\\/www.capthookfishing.com\\\/#\\\/schema\\\/logo\\\/image\\\/\"}}]}<\/script>\n<!-- \/ Yoast SEO plugin. -->","yoast_head_json":{"title":"3 Anglers - 2 Days\/3 Nights - Captain Hook Fishing","description":"Embark on an unforgettable fishing adventure with our exclusive package for 3 anglers. Enjoy 2 days of thrilling fishing and 3 nights of comfortable lodging. Book now for the ultimate fishing getaway!","robots":{"index":"index","follow":"follow","max-snippet":"max-snippet:-1","max-image-preview":"max-image-preview:large","max-video-preview":"max-video-preview:-1"},"canonical":"https:\/\/www.capthookfishing.com\/es\/product\/3-anglers-2d3n\/","og_locale":"es_ES","og_type":"article","og_title":"3 Anglers - 2 Days\/3 Nights - Captain Hook Fishing","og_description":"Embark on an unforgettable fishing adventure with our exclusive package for 3 anglers. Enjoy 2 days of thrilling fishing and 3 nights of comfortable lodging. Book now for the ultimate fishing getaway!","og_url":"https:\/\/www.capthookfishing.com\/es\/product\/3-anglers-2d3n\/","og_site_name":"Captain Hook Fishing","article_modified_time":"2026-03-31T23:29:40+00:00","og_image":[{"width":960,"height":960,"url":"https:\/\/www.capthookfishing.com\/wp-content\/uploads\/2024\/10\/3-Anglers@0.25x.png","type":"image\/png"}],"twitter_card":"summary_large_image","twitter_misc":{"Est. reading time":"1 minuto"},"schema":{"@context":"https:\/\/schema.org","@graph":[{"@type":"WebPage","@id":"https:\/\/www.capthookfishing.com\/product\/3-anglers-2d3n\/","url":"https:\/\/www.capthookfishing.com\/product\/3-anglers-2d3n\/","name":"3 Anglers - 2 Days\/3 Nights - Captain Hook Fishing","isPartOf":{"@id":"https:\/\/www.capthookfishing.com\/#website"},"primaryImageOfPage":{"@id":"https:\/\/www.capthookfishing.com\/product\/3-anglers-2d3n\/#primaryimage"},"image":{"@id":"https:\/\/www.capthookfishing.com\/product\/3-anglers-2d3n\/#primaryimage"},"thumbnailUrl":"https:\/\/www.capthookfishing.com\/wp-content\/uploads\/2024\/10\/3-Anglers@0.25x.png","datePublished":"2025-03-02T17:59:14+00:00","dateModified":"2026-03-31T23:29:40+00:00","description":"Embark on an unforgettable fishing adventure with our exclusive package for 3 anglers. Enjoy 2 days of thrilling fishing and 3 nights of comfortable lodging. Book now for the ultimate fishing getaway!","breadcrumb":{"@id":"https:\/\/www.capthookfishing.com\/product\/3-anglers-2d3n\/#breadcrumb"},"inLanguage":"es","potentialAction":[{"@type":"ReadAction","target":["https:\/\/www.capthookfishing.com\/product\/3-anglers-2d3n\/"]}]},{"@type":"ImageObject","inLanguage":"es","@id":"https:\/\/www.capthookfishing.com\/product\/3-anglers-2d3n\/#primaryimage","url":"https:\/\/www.capthookfishing.com\/wp-content\/uploads\/2024\/10\/3-Anglers@0.25x.png","contentUrl":"https:\/\/www.capthookfishing.com\/wp-content\/uploads\/2024\/10\/3-Anglers@0.25x.png","width":960,"height":960,"caption":"Captain Hook Fishing 3 Anglers package icon"},{"@type":"BreadcrumbList","@id":"https:\/\/www.capthookfishing.com\/product\/3-anglers-2d3n\/#breadcrumb","itemListElement":[{"@type":"ListItem","position":1,"name":"Home","item":"https:\/\/www.capthookfishing.com\/"},{"@type":"ListItem","position":2,"name":"Shop","item":"https:\/\/www.capthookfishing.com\/shop\/"},{"@type":"ListItem","position":3,"name":"3 Anglers &#8211; 2 Days\/3 Nights"}]},{"@type":"WebSite","@id":"https:\/\/www.capthookfishing.com\/#website","url":"https:\/\/www.capthookfishing.com\/","name":"Captain Hook Fishing","description":"The Ultimate Fishing Adventure in Guatemala","publisher":{"@id":"https:\/\/www.capthookfishing.com\/#organization"},"alternateName":"CaptHook Fishing","potentialAction":[{"@type":"SearchAction","target":{"@type":"EntryPoint","urlTemplate":"https:\/\/www.capthookfishing.com\/?s={search_term_string}"},"query-input":{"@type":"PropertyValueSpecification","valueRequired":true,"valueName":"search_term_string"}}],"inLanguage":"es"},{"@type":"Organization","@id":"https:\/\/www.capthookfishing.com\/#organization","name":"Captain Hook Fishing","url":"https:\/\/www.capthookfishing.com\/","logo":{"@type":"ImageObject","inLanguage":"es","@id":"https:\/\/www.capthookfishing.com\/#\/schema\/logo\/image\/","url":"https:\/\/www.capthookfishing.com\/wp-content\/uploads\/2024\/09\/Captain-hook-500px.webp","contentUrl":"https:\/\/www.capthookfishing.com\/wp-content\/uploads\/2024\/09\/Captain-hook-500px.webp","width":501,"height":139,"caption":"Captain Hook Fishing"},"image":{"@id":"https:\/\/www.capthookfishing.com\/#\/schema\/logo\/image\/"}}]}},"_links":{"self":[{"href":"https:\/\/www.capthookfishing.com\/es\/wp-json\/wp\/v2\/product\/631","targetHints":{"allow":["GET"]}}],"collection":[{"href":"https:\/\/www.capthookfishing.com\/es\/wp-json\/wp\/v2\/product"}],"about":[{"href":"https:\/\/www.capthookfishing.com\/es\/wp-json\/wp\/v2\/types\/product"}],"wp:featuredmedia":[{"embeddable":true,"href":"https:\/\/www.capthookfishing.com\/es\/wp-json\/wp\/v2\/media\/1037"}],"wp:attachment":[{"href":"https:\/\/www.capthookfishing.com\/es\/wp-json\/wp\/v2\/media?parent=631"}],"wp:term":[{"taxonomy":"product_brand","embeddable":true,"href":"https:\/\/www.capthookfishing.com\/es\/wp-json\/wp\/v2\/product_brand?post=631"},{"taxonomy":"product_cat","embeddable":true,"href":"https:\/\/www.capthookfishing.com\/es\/wp-json\/wp\/v2\/product_cat?post=631"},{"taxonomy":"product_tag","embeddable":true,"href":"https:\/\/www.capthookfishing.com\/es\/wp-json\/wp\/v2\/product_tag?post=631"}],"curies":[{"name":"wp","href":"https:\/\/api.w.org\/{rel}","templated":true}]}}